{"id":2769,"date":"2022-09-01T12:50:16","date_gmt":"2022-09-01T12:50:16","guid":{"rendered":"https:\/\/thegenius.co\/wp\/finlon\/live\/?page_id=2769"},"modified":"2026-02-01T12:54:37","modified_gmt":"2026-02-01T11:54:37","slug":"kreditanfrage","status":"publish","type":"page","link":"https:\/\/sa-fininvest.com\/?page_id=2769","title":{"rendered":"Kreditanfrage"},"content":{"rendered":"\n<div class=\"wp-block-formcraft-embed-form\"><div data-uniq='6a00b14a062cf' class='uniq-6a00b14a062cf formcraft-css form-live align-center'><script> window.formcraftLogic = window.formcraftLogic || {}; window.formcraftLogic[1] = []; <\/script><div class=\"fc-pagination-cover fc-pagination-1\">\n\t\t\t\t<div class=\"fc-pagination width-100\">\n\t\t\t\t\t<!-- ngRepeat: page in Builder.FormElements track by $index --><div class=\"pagination-trigger \" data-index=\"0\">\n\t\t\t\t\t\t<span class=\"page-number\"><span >1<\/span><\/span>\n\t\t\t\t\t\t<span class=\"page-name \">Step 1<\/span>\n\t\t\t\t\t\t\n\t\t\t\t\t<\/div><!-- end ngRepeat: page in Builder.FormElements track by $index -->\n\t\t\t\t<\/div>\n\t\t\t<\/div>\n\t\t\t\n\t\t\t<style scoped=\"scoped\" >\n\t\t\t@media (max-width : 480px) {\n\t\t\t\t.fc_modal-dialog-1 .fc-pagination-cover .fc-pagination\n\t\t\t\t{\n\t\t\t\t\tbackground-color: url(https:\/\/sa-fininvest.com\/wp-content\/plugins\/formcraft3\/views\/..\/assets\/images\/backgrounds\/white-linen.png) !important;\n\t\t\t\t}\n\t\t\t}\n\t\t\t\t\t\t.formcraft-css .fc-form.fc-form-1 .form-element .submit-cover .submit-button,\n\t\t\t.formcraft-css .fc-form.fc-form-1 .form-element .fileupload-cover .button-file,\n\t\t\t.formcraft-css .fc-form.fc-form-1 .form-element .field-cover .button,\n\t\t\t.formcraft-datepicker .ui-datepicker-header,\n\t\t\t.formcraft-datepicker .ui-datepicker-title\n\t\t\t{\n\t\t\t\tbackground: #134686;\n\t\t\t\tcolor: #fff;\n\t\t\t}\n\t\t\t.formcraft-datepicker td .ui-state-active,\n\t\t\t.formcraft-datepicker td .ui-state-hover,\n\t\t\t.formcraft-css .fc-form.fc-form-1 .form-element .slider-cover .ui-slider-range\n\t\t\t{\n\t\t\t\tbackground: #134686;\n\t\t\t}\n\t\t\t#ui-datepicker-div.formcraft-datepicker .ui-datepicker-header,\n\t\t\t.formcraft-css .fc-form .field-cover>div.full hr\n\t\t\t{\n\t\t\t\tborder-color: #103d75;\n\t\t\t}\n\t\t\t#ui-datepicker-div.formcraft-datepicker .ui-datepicker-prev:hover,\n\t\t\t#ui-datepicker-div.formcraft-datepicker .ui-datepicker-next:hover,\n\t\t\t#ui-datepicker-div.formcraft-datepicker select.ui-datepicker-month:hover,\n\t\t\t#ui-datepicker-div.formcraft-datepicker select.ui-datepicker-year:hover\n\t\t\t{\n\t\t\t\tbackground-color: #103d75;\n\t\t\t}\n\t\t\t.formcraft-css .fc-pagination>div.active .page-number,\n\t\t\t.formcraft-css .form-cover-builder .fc-pagination>div:first-child .page-number\n\t\t\t{\n\t\t\t\tbackground-color: #134686;\n\t\t\t\tcolor: #fff;\n\t\t\t}\n\t\t\t#ui-datepicker-div.formcraft-datepicker table.ui-datepicker-calendar th,\n\t\t\t#ui-datepicker-div.formcraft-datepicker table.ui-datepicker-calendar td.ui-datepicker-today a,\n\t\t\t.formcraft-css .fc-form.fc-form-1 .form-element .star-cover label,\n\t\t\thtml .formcraft-css .fc-form.label-floating .form-element .field-cover.has-focus>span,\n\t\t\t.formcraft-css .fc-form.fc-form-1 .form-element .customText-cover a,\n\t\t\t.formcraft-css .prev-next>div span:hover\n\t\t\t{\n\t\t\t\tcolor: #134686;\n\t\t\t}\n\t\t\t.formcraft-css .fc-form.fc-form-1 .form-element .customText-cover a:hover\n\t\t\t{\n\t\t\t\tcolor: #103d75;\n\t\t\t}\n\t\t\thtml .formcraft-css .fc-form.fc-form-1.label-floating .form-element .field-cover > span\n\t\t\t{\n\t\t\t\tcolor: #666666;\n\t\t\t}\n\t\t\thtml .formcraft-css .fc-form .final-success .final-success-check {\n\t\t\t\tborder: 2px solid #666666;\n\t\t\t}\n\t\t\t.formcraft-css .fc-form.fc-form-1 .form-element .field-cover input[type=\"text\"],\n\t\t\t.formcraft-css .fc-form.fc-form-1 .form-element .field-cover input[type=\"email\"],\n\t\t\t.formcraft-css .fc-form.fc-form-1 .form-element .field-cover input[type=\"password\"],\n\t\t\t.formcraft-css .fc-form.fc-form-1 .form-element .field-cover input[type=\"tel\"],\n\t\t\t.formcraft-css .fc-form.fc-form-1 .form-element .field-cover textarea,\n\t\t\t.formcraft-css .fc-form.fc-form-1 .form-element .field-cover select,\n\t\t\t.formcraft-css .fc-form.fc-form-1 .form-element .field-cover .time-fields-cover,\n\t\t\t.formcraft-css .fc-form.fc-form-1 .form-element .field-cover .awesomplete ul\n\t\t\t{\n\t\t\t\tcolor: #777;\n\t\t\t}\n\t\t\t.formcraft-css .fc-form.fc-form-1 .form-element .field-cover input[type=\"text\"],\n\t\t\t.formcraft-css .fc-form.fc-form-1 .form-element .field-cover input[type=\"password\"],\n\t\t\t.formcraft-css .fc-form.fc-form-1 .form-element .field-cover input[type=\"email\"],\n\t\t\t.formcraft-css .fc-form.fc-form-1 .form-element .field-cover input[type=\"radio\"],\n\t\t\t.formcraft-css .fc-form.fc-form-1 .form-element .field-cover input[type=\"checkbox\"],\n\t\t\t.formcraft-css .fc-form.fc-form-1 .form-element .field-cover input[type=\"tel\"],\n\t\t\t.formcraft-css .fc-form.fc-form-1 .form-element .field-cover select,\n\t\t\t.formcraft-css .fc-form.fc-form-1 .form-element .field-cover textarea\n\t\t\t{\n\t\t\t\tbackground-color: #fafafa;\n\t\t\t}\n\t\t\t.formcraft-css .fc-form.fc-form-1 .form-element .field-cover input[type=\"radio\"]:checked,\n\t\t\t.formcraft-css .fc-form.fc-form-1 .form-element .field-cover input[type=\"checkbox\"]:checked {\n\t\t\t\tborder-color: #103d75;\n\t\t\t\tbackground: #134686;\t\t\t\t\n\t\t\t}\n\t\t\t.formcraft-css .fc-form.fc-form-1 .form-element .star-cover label .star\n\t\t\t{\n\t\t\t\ttext-shadow: 0px 1px 0px #103d75;\n\t\t\t}\n\t\t\t.formcraft-css .fc-form.fc-form-1 .form-element .slider-cover .ui-slider-range\n\t\t\t{\n\t\t\t\tbox-shadow: 0px 1px 1px #103d75 inset;\n\t\t\t}\n\t\t\t.formcraft-css .fc-form.fc-form-1 .form-element .fileupload-cover .button-file\n\t\t\t{\n\t\t\t\tborder-color: #103d75;\n\t\t\t}\n\t\t\t.formcraft-css .fc-form.fc-form-1 .form-element .form-element-html input[type=\"password\"]:focus,\n\t\t\t.formcraft-css .fc-form.fc-form-1 .form-element .form-element-html input[type=\"email\"]:focus,\n\t\t\t.formcraft-css .fc-form.fc-form-1 .form-element .form-element-html input[type=\"tel\"]:focus,\n\t\t\t.formcraft-css .fc-form.fc-form-1 .form-element .form-element-html input[type=\"text\"]:focus,\n\t\t\t.formcraft-css .fc-form.fc-form-1 .form-element .form-element-html textarea:focus,\n\t\t\t.formcraft-css .fc-form.fc-form-1 .form-element .form-element-html select:focus\n\t\t\t{\n\t\t\t\tborder-color: #134686;\n\t\t\t}\n\t\t\t.formcraft-css .fc-form.fc-form-1 .form-element .form-element-html .field-cover .is-read-only:focus {\n\t\t\t\tborder-color: #ccc;\n\t\t\t}\n\t\t\t.formcraft-css .fc-form.fc-form-1\t\t\t{\n\t\t\t\tfont-family: inherit;\n\t\t\t}\n\t\t\t@media (max-width : 480px) {\n\t\t\t\thtml .dedicated-page,\n\t\t\t\thtml .dedicated-page .formcraft-css .fc-pagination > div.active\n\t\t\t\t{\n\t\t\t\t\tbackground: url(https:\/\/sa-fininvest.com\/wp-content\/plugins\/formcraft3\/views\/..\/assets\/images\/backgrounds\/white-linen.png);\n\t\t\t\t}\n\t\t\t}\n\t\t<\/style>\n\t\t<div class=\"form-cover\">\n\t\t\t<form data-auto-scroll=\"\" data-no-message-redirect=\"\" data-thousand=\"\" data-decimal=\".\" data-delay=\"\" data-id=\"1\" class=\"fc-form fc-form-1 align- fc-temp-class save-form- dont-submit-hidden- remove-asterisk- icons-hide- disable-enter- label-block field-border-visible frame-visible field-alignment-left  \" style=\"width: 850px; color: #666666; font-size: 100%; background: url(https:\/\/sa-fininvest.com\/wp-content\/plugins\/formcraft3\/views\/..\/assets\/images\/backgrounds\/white-linen.png)\">\n\t\t\t\t<!-- ngRepeat: page in Builder.FormElements track by $index --><div class=\"form-page form-page-0\" data-index=\"0\">\n\t\t\t\t\t\n\t\t\t\t\t<div class=\"form-page-content      ng-not-empty\">\n\t\t\t\t\t\t<div data-identifier=\"field1\" data-index=\"0\" style=\"width: 100%\" class=\" form-element form-element-field1 options-false form-element-0 default-false form-element-type-heading is-required-false odd -handle\">\n\t\t\t\t\t\t\t<div class=\"form-element-html\"><div ><div style=\"background-color: #1e73be\" class=\"heading-cover field-cover \"><div style=\"text-align: center; font-size: 0.9999999999999997em; padding-top: ; padding-bottom: ; color: #ffffff\" class=\"bold-true\"><span >Der Kreditantrag unterliegt bestimmten Formalit\u00e4ten, um sicherzustellen, dass die finanzielle Situation des Kreditnehmers die monatlichen R\u00fcckzahlungen erm\u00f6glicht.<\/span><\/div><input type=\"hidden\" data-field-id=\"field1\" name=\"field1[]\" value=\"Der Kreditantrag unterliegt bestimmten Formalit\u00e4ten, um sicherzustellen, dass die finanzielle Situation des Kreditnehmers die monatlichen R\u00fcckzahlungen erm\u00f6glicht.\"><\/div><\/div><\/div>\n\t\t\t\t\t\t\t\n\t\t\t\t\t\t<\/div><div data-identifier=\"field2\" data-index=\"1\" style=\"width: 100%\" class=\" even form-element form-element-field2 options-false form-element-1 default-false form-element-type-heading is-required-false -handle\">\n\t\t\t\t\t\t\t<div class=\"form-element-html\"><div ><div style=\"background-color: #000000\" class=\"heading-cover field-cover \"><div style=\"text-align: center; font-size: 1.5em; padding-top: ; padding-bottom: ; color: #ffffff\" class=\"bold-\"><span >Ihre Anfrage<\/span><\/div><input type=\"hidden\" data-field-id=\"field2\" name=\"field2[]\" value=\"Ihre Anfrage\"><\/div><\/div><\/div>\n\t\t\t\t\t\t\t\n\t\t\t\t\t\t<\/div><div data-identifier=\"field4\" data-index=\"2\" style=\"width: 50%\" class=\" form-element form-element-field4 options-false form-element-2 default-false form-element-type-dropdown is-required-true odd -handle\">\n\t\t\t\t\t\t\t<div class=\"form-element-html\"><div ><label class=\"dropdown-cover field-cover autocomplete-type- \"><span class=\"sub-label-true\"><span class=\"main-label\"><span >Darlehensart<\/span><\/span><span class=\"sub-label\"><span >Darlehensart<\/span><\/span><\/span><div><span class=\"error\"><\/span><select data-is-required=\"true\" class=\"validation-lenient\" data-field-id=\"field4\" name=\"field4\" data-placement=\"right\" data-toggle=\"tooltip\" tooltip=\"\" data-trigger=\"hover\" data-html=\"true\" data-original-title=\"\"><option value=\"\" class=\" \">W\u00e4hlen Sie die Darlehensart aus<\/option><option value=\"Privatkredit\" class=\" \">Privatkredit<\/option><option value=\"Gesch\u00e4ftskredit\" class=\" \">Gesch\u00e4ftskredit<\/option><option value=\"Landwirtschaftlicher Kredit\" class=\" \">Landwirtschaftlicher Kredit<\/option><option value=\"Hypothekendarlehen\" class=\" \">Hypothekendarlehen<\/option><option value=\"Autokredit\" class=\" \">Autokredit<\/option><option value=\"Schuldenkonsolidierung\" class=\" \">Schuldenkonsolidierung<\/option><option value=\"Investition\" class=\" \">Investition<\/option><option value=\"Sonstiges ...\" class=\" \">Sonstiges ...<\/option><\/select><input type=\"text\"><\/div><\/label><\/div><\/div>\n\t\t\t\t\t\t\t\n\t\t\t\t\t\t<\/div><div data-identifier=\"field5\" data-index=\"3\" style=\"width: 50%\" class=\" even form-element form-element-field5 options-false form-element-3 default-false form-element-type-dropdown is-required-true -handle\">\n\t\t\t\t\t\t\t<div class=\"form-element-html\"><div ><label class=\"dropdown-cover field-cover autocomplete-type- \"><span class=\"sub-label-true\"><span class=\"main-label\"><span >Priorit\u00e4t Ihrer Anfrage<\/span><\/span><span class=\"sub-label\"><span >Ihre Anfrage wurde priorisiert.<\/span><\/span><\/span><div><span class=\"error\"><\/span><select data-is-required=\"true\" class=\"validation-lenient\" data-field-id=\"field5\" name=\"field5\" data-placement=\"right\" data-toggle=\"tooltip\" tooltip=\"\" data-trigger=\"hover\" data-html=\"true\" data-original-title=\"\"><option value=\"\" class=\" \">W\u00e4hlen Sie Ihre Priorit\u00e4t.<\/option><option value=\"Dringend\" class=\" \">Dringend<\/option><option value=\"Hoch\" class=\" \">Hoch<\/option><option value=\"Mittel\" class=\" \">Mittel<\/option><option value=\"Niedrig\" class=\" \">Niedrig<\/option><\/select><input type=\"text\"><\/div><\/label><\/div><\/div>\n\t\t\t\t\t\t\t\n\t\t\t\t\t\t<\/div><div data-identifier=\"field7\" data-index=\"4\" style=\"width: 50%\" class=\" form-element form-element-field7 options-false form-element-4 default-false form-element-type-oneLineText is-required-true odd -handle\">\n\t\t\t\t\t\t\t<div class=\"form-element-html\"><div ><label class=\"oneLineText-cover field-cover \"><span class=\"sub-label-true\"><span class=\"main-label\"><span >Darlehensbetrag<\/span><\/span><span class=\"sub-label\"><span >In Euro<\/span><\/span><\/span><div><span class=\"error\"><\/span><input type=\"text\" placeholder=\"\" make-read-only=\"false\" data-field-id=\"field7\" name=\"field7[]\" data-min-char=\"4\" data-max-char=\"\" data-val-type=\"\" data-regexp=\"\" data-is-required=\"true\" data-allow-spaces=\"\" class=\"validation-lenient\" data-placement=\"right\" data-toggle=\"tooltip\" tooltip=\"\" data-trigger=\"focus\" data-html=\"true\" data-input-mask=\"\" data-mask-placeholder=\"\" data-original-title=\"\"><i class=\"formcraft-icon formcraft-icon-type-\"><\/i><\/div><\/label><\/div><\/div>\n\t\t\t\t\t\t\t\n\t\t\t\t\t\t<\/div><div data-identifier=\"field8\" data-index=\"5\" style=\"width: 50%\" class=\" even form-element form-element-field8 options-false form-element-5 default-false form-element-type-oneLineText is-required-true -handle\">\n\t\t\t\t\t\t\t<div class=\"form-element-html\"><div ><label class=\"oneLineText-cover field-cover \"><span class=\"sub-label-true\"><span class=\"main-label\"><span >R\u00fcckzahlungszeitraum<\/span><\/span><span class=\"sub-label\"><span >In Monaten<\/span><\/span><\/span><div><span class=\"error\"><\/span><input type=\"text\" placeholder=\"\" make-read-only=\"false\" data-field-id=\"field8\" name=\"field8[]\" data-min-char=\"\" data-max-char=\"\" data-val-type=\"\" data-regexp=\"\" data-is-required=\"true\" data-allow-spaces=\"\" class=\"validation-lenient\" data-placement=\"right\" data-toggle=\"tooltip\" tooltip=\"\" data-trigger=\"focus\" data-html=\"true\" data-input-mask=\"\" data-mask-placeholder=\"\" data-original-title=\"\"><i class=\"formcraft-icon formcraft-icon-type-\"><\/i><\/div><\/label><\/div><\/div>\n\t\t\t\t\t\t\t\n\t\t\t\t\t\t<\/div><div data-identifier=\"field9\" data-index=\"6\" style=\"width: 100%\" class=\" form-element form-element-field9 options-false form-element-6 default-false form-element-type-heading is-required-false odd -handle\">\n\t\t\t\t\t\t\t<div class=\"form-element-html\"><div ><div style=\"background-color: #1e73be\" class=\"heading-cover field-cover \"><div style=\"text-align: center; font-size: 1.5em; padding-top: ; padding-bottom: ; color: #ffffff\" class=\"bold-true\"><span >Ihre Informationen<\/span><\/div><input type=\"hidden\" data-field-id=\"field9\" name=\"field9[]\" value=\"Ihre Informationen\"><\/div><\/div><\/div>\n\t\t\t\t\t\t\t\n\t\t\t\t\t\t<\/div><div data-identifier=\"field10\" data-index=\"7\" style=\"width: 50%\" class=\" even form-element form-element-field10 options-true form-element-7 default-false form-element-type-dropdown is-required-true -handle\">\n\t\t\t\t\t\t\t<div class=\"form-element-html\"><div ><label class=\"dropdown-cover field-cover autocomplete-type- \"><span class=\"sub-label-true\"><span class=\"main-label\"><span >H\u00f6flichkeit<\/span><\/span><span class=\"sub-label\"><span >H\u00f6flichkeit<\/span><\/span><\/span><div><span class=\"error\"><\/span><select data-is-required=\"true\" class=\"validation-lenient\" data-field-id=\"field10\" name=\"field10\" data-placement=\"right\" data-toggle=\"tooltip\" tooltip=\"\" data-trigger=\"hover\" data-html=\"true\" data-original-title=\"\"><option value=\"\" class=\" \">W\u00e4hlen Sie Ihren Titel<\/option><option value=\"Herr\" class=\" \">Herr<\/option><option value=\"Frau\" class=\" \">Frau<\/option><option value=\"Fr\u00e4ulein\" class=\" \">Fr\u00e4ulein<\/option><\/select><input type=\"text\"><\/div><\/label><\/div><\/div>\n\t\t\t\t\t\t\t\n\t\t\t\t\t\t<\/div><div data-identifier=\"field12\" data-index=\"8\" style=\"width: 50%\" class=\" form-element form-element-field12 options-false form-element-8 default-false form-element-type-oneLineText is-required-true odd -handle\">\n\t\t\t\t\t\t\t<div class=\"form-element-html\"><div ><label class=\"oneLineText-cover field-cover \"><span class=\"sub-label-true\"><span class=\"main-label\"><span >Vor- und Nachname<\/span><\/span><span class=\"sub-label\"><span >Vor- und Nachname<\/span><\/span><\/span><div><span class=\"error\"><\/span><input type=\"text\" placeholder=\"\" make-read-only=\"false\" data-field-id=\"field12\" name=\"field12[]\" data-min-char=\"\" data-max-char=\"\" data-val-type=\"\" data-regexp=\"\" data-is-required=\"true\" data-allow-spaces=\"\" class=\"validation-lenient\" data-placement=\"right\" data-toggle=\"tooltip\" tooltip=\"\" data-trigger=\"focus\" data-html=\"true\" data-input-mask=\"\" data-mask-placeholder=\"\" data-original-title=\"\"><i class=\"formcraft-icon formcraft-icon-type-\"><\/i><\/div><\/label><\/div><\/div>\n\t\t\t\t\t\t\t\n\t\t\t\t\t\t<\/div><div data-identifier=\"field15\" data-index=\"9\" style=\"width: 50%\" class=\" even form-element form-element-field15 options-false form-element-9 default-false form-element-type-datepicker is-required-true -handle\">\n\t\t\t\t\t\t\t<div class=\"form-element-html\"><div ><label class=\"datepicker-cover field-cover \"><span class=\"sub-label-true\"><span class=\"main-label\"><span >Geburtsdatum<\/span><\/span><span class=\"sub-label\"><span >JJ\/MM\/AA<\/span><\/span><\/span><div><span class=\"error\"><\/span><input autocomplete=\"off\" data-field-id=\"field15\" placeholder=\"\" type=\"text\" class=\"validation-lenient   hasDatepicker ng-empty  \" data-is-required=\"true\" datepicker=\"\" data-date-min-range=\"\" data-date-format=\"dd\/mm\/yy\" data-date-days=\"{&quot;0&quot;:true,&quot;1&quot;:true,&quot;2&quot;:true,&quot;3&quot;:true,&quot;4&quot;:true,&quot;5&quot;:true,&quot;6&quot;:true}\" data-date-min=\"\" data-date-min-alt=\"\" data-date-max-alt=\"\" data-date-max=\"\" data-date-lang=\"de\" name=\"field15\" data-placement=\"right\" data-toggle=\"tooltip\" tooltip=\"\" data-trigger=\"focus\" data-html=\"true\" data-original-title=\"\"><i class=\"formcraft-icon\">date_range<\/i><\/div><\/label><\/div><\/div>\n\t\t\t\t\t\t\t\n\t\t\t\t\t\t<\/div><div data-identifier=\"field14\" data-index=\"10\" style=\"width: 50%\" class=\" form-element form-element-field14 options-false form-element-10 default-false form-element-type-oneLineText is-required-true odd -handle\">\n\t\t\t\t\t\t\t<div class=\"form-element-html\"><div ><label class=\"oneLineText-cover field-cover \"><span class=\"sub-label-true\"><span class=\"main-label\"><span >Land<\/span><\/span><span class=\"sub-label\"><span >Land<\/span><\/span><\/span><div><span class=\"error\"><\/span><input type=\"text\" placeholder=\"\" make-read-only=\"false\" data-field-id=\"field14\" name=\"field14[]\" data-min-char=\"\" data-max-char=\"\" data-val-type=\"\" data-regexp=\"\" data-is-required=\"true\" data-allow-spaces=\"\" class=\"validation-lenient\" data-placement=\"right\" data-toggle=\"tooltip\" tooltip=\"\" data-trigger=\"focus\" data-html=\"true\" data-input-mask=\"\" data-mask-placeholder=\"\" data-original-title=\"\"><i class=\"formcraft-icon formcraft-icon-type-\"><\/i><\/div><\/label><\/div><\/div>\n\t\t\t\t\t\t\t\n\t\t\t\t\t\t<\/div><div data-identifier=\"field16\" data-index=\"11\" style=\"width: 50%\" class=\" even form-element form-element-field16 options-false form-element-11 default-false form-element-type-oneLineText is-required-true -handle\">\n\t\t\t\t\t\t\t<div class=\"form-element-html\"><div ><label class=\"oneLineText-cover field-cover \"><span class=\"sub-label-true\"><span class=\"main-label\"><span >Vollst\u00e4ndige Adresse<\/span><\/span><span class=\"sub-label\"><span >Vollst\u00e4ndige Adresse<\/span><\/span><\/span><div><span class=\"error\"><\/span><input type=\"text\" placeholder=\"\" make-read-only=\"false\" data-field-id=\"field16\" name=\"field16[]\" data-min-char=\"\" data-max-char=\"\" data-val-type=\"\" data-regexp=\"\" data-is-required=\"true\" data-allow-spaces=\"\" class=\"validation-lenient\" data-placement=\"right\" data-toggle=\"tooltip\" tooltip=\"\" data-trigger=\"focus\" data-html=\"true\" data-input-mask=\"\" data-mask-placeholder=\"\" data-original-title=\"\"><i class=\"formcraft-icon formcraft-icon-type-\"><\/i><\/div><\/label><\/div><\/div>\n\t\t\t\t\t\t\t\n\t\t\t\t\t\t<\/div><div data-identifier=\"field17\" data-index=\"12\" style=\"width: 50%\" class=\" form-element form-element-field17 options-false form-element-12 default-false form-element-type-oneLineText is-required-true odd -handle\">\n\t\t\t\t\t\t\t<div class=\"form-element-html\"><div ><label class=\"oneLineText-cover field-cover \"><span class=\"sub-label-true\"><span class=\"main-label\"><span >Postleitzahl und Stadt<\/span><\/span><span class=\"sub-label\"><span >Postleitzahl und Stadt<\/span><\/span><\/span><div><span class=\"error\"><\/span><input type=\"text\" placeholder=\"\" make-read-only=\"false\" data-field-id=\"field17\" name=\"field17[]\" data-min-char=\"\" data-max-char=\"\" data-val-type=\"\" data-regexp=\"\" data-is-required=\"true\" data-allow-spaces=\"\" class=\"validation-lenient\" data-placement=\"right\" data-toggle=\"tooltip\" tooltip=\"\" data-trigger=\"focus\" data-html=\"true\" data-input-mask=\"\" data-mask-placeholder=\"\" data-original-title=\"\"><i class=\"formcraft-icon formcraft-icon-type-\"><\/i><\/div><\/label><\/div><\/div>\n\t\t\t\t\t\t\t\n\t\t\t\t\t\t<\/div><div data-identifier=\"field18\" data-index=\"13\" style=\"width: 50%\" class=\" even form-element form-element-field18 options-false form-element-13 default-false form-element-type-oneLineText is-required-true -handle\">\n\t\t\t\t\t\t\t<div class=\"form-element-html\"><div ><label class=\"oneLineText-cover field-cover \"><span class=\"sub-label-true\"><span class=\"main-label\"><span >Mobiltelefon<\/span><\/span><span class=\"sub-label\"><span >Mobiltelefon<\/span><\/span><\/span><div><span class=\"error\"><\/span><input type=\"text\" placeholder=\"\" make-read-only=\"false\" data-field-id=\"field18\" name=\"field18[]\" data-min-char=\"\" data-max-char=\"\" data-val-type=\"\" data-regexp=\"\" data-is-required=\"true\" data-allow-spaces=\"\" class=\"validation-lenient\" data-placement=\"right\" data-toggle=\"tooltip\" tooltip=\"\" data-trigger=\"focus\" data-html=\"true\" data-input-mask=\"\" data-mask-placeholder=\"\" data-original-title=\"\"><i class=\"formcraft-icon formcraft-icon-type-\"><\/i><\/div><\/label><\/div><\/div>\n\t\t\t\t\t\t\t\n\t\t\t\t\t\t<\/div><div data-identifier=\"field19\" data-index=\"14\" style=\"width: 50%\" class=\" form-element form-element-field19 options-false form-element-14 default-false form-element-type-email is-required-true odd -handle\">\n\t\t\t\t\t\t\t<div class=\"form-element-html\"><div ><label class=\"email-cover field-cover \"><span class=\"sub-label-true\"><span class=\"main-label\"><span >E-Mail<\/span><\/span><span class=\"sub-label\"><span >eine g\u00fcltige E-Mail-Adresse<\/span><\/span><\/span><div><span class=\"error\"><\/span><input placeholder=\"\" data-field-id=\"field19\" type=\"text\" data-val-type=\"email\" make-read-only=\"\" data-is-required=\"true\" name=\"field19\" class=\"validation-lenient\" data-placement=\"right\" data-toggle=\"tooltip\" tooltip=\"\" data-trigger=\"focus\" data-html=\"true\" data-original-title=\"\"><i class=\"formcraft-icon\">email<\/i><\/div><\/label><\/div><\/div>\n\t\t\t\t\t\t\t\n\t\t\t\t\t\t<\/div><div data-identifier=\"field20\" data-index=\"15\" style=\"width: 100%\" class=\" even form-element form-element-field20 options-false form-element-15 default-false form-element-type-submit is-required-false -handle\">\n\t\t\t\t\t\t\t<div class=\"form-element-html\"><div ><div class=\"align-center wide-true submit-cover field-cover\"><button type=\"submit\" class=\"button submit-button\"><span class=\"text \">Meine Bewerbung einreichen<\/span><span class=\"spin-cover\"><i style=\"color:\" class=\"loading-icon icon-cog animate-spin\"><\/i><\/span><\/button><\/div><div class=\"submit-response \"><\/div><label ><input type=\"text\" class=\"required_field\" name=\"website\" autocomplete=\"maple-syrup-pot\"><\/label><\/div><\/div>\n\t\t\t\t\t\t\t\n\t\t\t\t\t\t<\/div>\n\t\t\t\t\t<\/div>\n\t\t\t\t<\/div><!-- end ngRepeat: page in Builder.FormElements track by $index -->\n\t\t\t<\/form>\n\t\t\t<div class=\"prev-next prev-next-1\" style=\"width: 850px; color: #666666; font-size: 100%; background: url(https:\/\/sa-fininvest.com\/wp-content\/plugins\/formcraft3\/views\/..\/assets\/images\/backgrounds\/white-linen.png)\">\n\t\t\t\t<div>\n\t\t\t\t\t\n\t\t\t\t\t<span class=\"inactive page-prev \"><i class=\"formcraft-icon\">keyboard_arrow_left<\/i>Previous<\/span><\/div>\n\t\t\t\t<div>\n\t\t\t\t\t\n\t\t\t\t\t<span class=\"page-next \">Next<i class=\"formcraft-icon\">keyboard_arrow_right<\/i><\/span><\/div>\n\t\t\t<\/div>\n\t\t<\/div><\/div><\/div>\n","protected":false},"excerpt":{"rendered":"","protected":false},"author":1,"featured_media":0,"parent":0,"menu_order":0,"comment_status":"closed","ping_status":"closed","template":"page-template\/full-width-page-template.php","meta":{"footnotes":""},"class_list":["post-2769","page","type-page","status-publish","hentry"],"_hostinger_reach_plugin_has_subscription_block":false,"_hostinger_reach_plugin_is_elementor":false,"_links":{"self":[{"href":"https:\/\/sa-fininvest.com\/index.php?rest_route=\/wp\/v2\/pages\/2769","targetHints":{"allow":["GET"]}}],"collection":[{"href":"https:\/\/sa-fininvest.com\/index.php?rest_route=\/wp\/v2\/pages"}],"about":[{"href":"https:\/\/sa-fininvest.com\/index.php?rest_route=\/wp\/v2\/types\/page"}],"author":[{"embeddable":true,"href":"https:\/\/sa-fininvest.com\/index.php?rest_route=\/wp\/v2\/users\/1"}],"replies":[{"embeddable":true,"href":"https:\/\/sa-fininvest.com\/index.php?rest_route=%2Fwp%2Fv2%2Fcomments&post=2769"}],"version-history":[{"count":9,"href":"https:\/\/sa-fininvest.com\/index.php?rest_route=\/wp\/v2\/pages\/2769\/revisions"}],"predecessor-version":[{"id":3677,"href":"https:\/\/sa-fininvest.com\/index.php?rest_route=\/wp\/v2\/pages\/2769\/revisions\/3677"}],"wp:attachment":[{"href":"https:\/\/sa-fininvest.com\/index.php?rest_route=%2Fwp%2Fv2%2Fmedia&parent=2769"}],"curies":[{"name":"wp","href":"https:\/\/api.w.org\/{rel}","templated":true}]}}